{"id":7722,"date":"2021-01-16T17:20:52","date_gmt":"2021-01-16T17:20:52","guid":{"rendered":"https:\/\/www.mutualuta.com.ar\/site\/?page_id=7722"},"modified":"2021-01-17T19:29:19","modified_gmt":"2021-01-17T19:29:19","slug":"servicios","status":"publish","type":"page","link":"https:\/\/www.mutualuta.com.ar\/site\/servicios\/","title":{"rendered":"Servicios"},"content":{"rendered":"<section class=\"l-section wpb_row height_custom\"><div class=\"l-section-h i-cf\"><div class=\"g-cols vc_row via_flex valign_top type_default stacking_default\"><div class=\"vc_col-sm-12 wpb_column vc_column_container\"><div class=\"vc_column-inner\"><div class=\"wpb_wrapper\"><div class=\"w-grid type_grid layout_blog_1 cols_4\" id=\"us_grid_1\" style=\"--gap:1.5rem;\" data-filterable=\"true\"><style>@media (max-width:1380px){#us_grid_1 .w-grid-item{width:33.3333%}}@media (max-width:1024px){#us_grid_1 .w-grid-item{width:50%}}@media (max-width:600px){#us_grid_1 .w-grid-list{margin:0}#us_grid_1 .w-grid-item{width:100%;padding:0;margin-bottom:var(--gap,0px)}}.layout_blog_1 .w-grid-item-h{}.layout_blog_1 .usg_post_image_1{margin-bottom:0.5rem!important}.layout_blog_1 .usg_post_title_1{font-size:1rem!important}<\/style><div class=\"w-grid-list\">\t<article class=\"w-grid-item size_1x1 post-8333 page type-page status-publish has-post-thumbnail hentry category-servicios\" data-id=\"8333\">\r\n\t\t<div class=\"w-grid-item-h\">\r\n\t\t\t\t\t\t<div class=\"w-post-elm post_image usg_post_image_1 stretched\"><a href=\"https:\/\/www.mutualuta.com.ar\/site\/descuentos-en-comercios\/\" aria-label=\"Descuentos en comercios\"><img loading=\"lazy\" decoding=\"async\" width=\"1024\" height=\"768\" src=\"https:\/\/www.mutualuta.com.ar\/site\/wp-content\/uploads\/2025\/11\/descuentos-en-comercios.jpg\" class=\"attachment-large size-large wp-post-image\" alt=\"Descuentos en comercios\" srcset=\"https:\/\/www.mutualuta.com.ar\/site\/wp-content\/uploads\/2025\/11\/descuentos-en-comercios.jpg 1024w, https:\/\/www.mutualuta.com.ar\/site\/wp-content\/uploads\/2025\/11\/descuentos-en-comercios-300x225.jpg 300w\" sizes=\"auto, (max-width: 1024px) 100vw, 1024px\" \/><\/a><\/div><h2 class=\"w-post-elm post_title usg_post_title_1 entry-title color_link_inherit\"><a href=\"https:\/\/www.mutualuta.com.ar\/site\/descuentos-en-comercios\/\">Descuentos en comercios<\/a><\/h2>\t\t<\/div>\r\n\t\t\t<\/article>\r\n\t<article class=\"w-grid-item size_1x1 post-8073 page type-page status-publish has-post-thumbnail hentry category-servicios\" data-id=\"8073\">\r\n\t\t<div class=\"w-grid-item-h\">\r\n\t\t\t\t\t\t<div class=\"w-post-elm post_image usg_post_image_1 stretched\"><a href=\"https:\/\/www.mutualuta.com.ar\/site\/credencial-online-2\/\" aria-label=\"Credencial Online\"><img loading=\"lazy\" decoding=\"async\" width=\"1024\" height=\"681\" src=\"https:\/\/www.mutualuta.com.ar\/site\/wp-content\/uploads\/2025\/09\/credencial-online-caratula.jpg\" class=\"attachment-large size-large wp-post-image\" alt=\"\" srcset=\"https:\/\/www.mutualuta.com.ar\/site\/wp-content\/uploads\/2025\/09\/credencial-online-caratula.jpg 1024w, https:\/\/www.mutualuta.com.ar\/site\/wp-content\/uploads\/2025\/09\/credencial-online-caratula-300x200.jpg 300w\" sizes=\"auto, (max-width: 1024px) 100vw, 1024px\" \/><\/a><\/div><h2 class=\"w-post-elm post_title usg_post_title_1 entry-title color_link_inherit\"><a href=\"https:\/\/www.mutualuta.com.ar\/site\/credencial-online-2\/\">Credencial Online<\/a><\/h2>\t\t<\/div>\r\n\t\t\t<\/article>\r\n\t<article class=\"w-grid-item size_1x1 post-7783 page type-page status-publish has-post-thumbnail hentry category-servicios\" data-id=\"7783\">\r\n\t\t<div class=\"w-grid-item-h\">\r\n\t\t\t\t\t\t<div class=\"w-post-elm post_image usg_post_image_1 stretched\"><a href=\"https:\/\/www.mutualuta.com.ar\/site\/psicologia-online\/\" aria-label=\"Psicologia Online\"><img loading=\"lazy\" decoding=\"async\" width=\"1024\" height=\"681\" src=\"https:\/\/www.mutualuta.com.ar\/site\/wp-content\/uploads\/2021\/02\/Flyer-Explicativo-psicologia-on-line1-1-e1612408930601-1024x681.jpg\" class=\"attachment-large size-large wp-post-image\" alt=\"\" srcset=\"https:\/\/www.mutualuta.com.ar\/site\/wp-content\/uploads\/2021\/02\/Flyer-Explicativo-psicologia-on-line1-1-e1612408930601-1024x681.jpg 1024w, https:\/\/www.mutualuta.com.ar\/site\/wp-content\/uploads\/2021\/02\/Flyer-Explicativo-psicologia-on-line1-1-e1612408930601-300x199.jpg 300w, https:\/\/www.mutualuta.com.ar\/site\/wp-content\/uploads\/2021\/02\/Flyer-Explicativo-psicologia-on-line1-1-e1612408930601-600x399.jpg 600w, https:\/\/www.mutualuta.com.ar\/site\/wp-content\/uploads\/2021\/02\/Flyer-Explicativo-psicologia-on-line1-1-e1612408930601-1536x1021.jpg 1536w\" sizes=\"auto, (max-width: 1024px) 100vw, 1024px\" \/><\/a><\/div><h2 class=\"w-post-elm post_title usg_post_title_1 entry-title color_link_inherit\"><a href=\"https:\/\/www.mutualuta.com.ar\/site\/psicologia-online\/\">Psicologia Online<\/a><\/h2>\t\t<\/div>\r\n\t\t\t<\/article>\r\n\t<article class=\"w-grid-item size_1x1 post-7782 page type-page status-publish has-post-thumbnail hentry category-servicios\" data-id=\"7782\">\r\n\t\t<div class=\"w-grid-item-h\">\r\n\t\t\t\t\t\t<div class=\"w-post-elm post_image usg_post_image_1 stretched\"><a href=\"https:\/\/www.mutualuta.com.ar\/site\/medico-online\/\" aria-label=\"Medico Online\"><img loading=\"lazy\" decoding=\"async\" width=\"1024\" height=\"679\" src=\"https:\/\/www.mutualuta.com.ar\/site\/wp-content\/uploads\/2021\/02\/Flyer-Explicativo-Medico-on-line-mod-1-e1612408541443-1024x679.jpg\" class=\"attachment-large size-large wp-post-image\" alt=\"\" srcset=\"https:\/\/www.mutualuta.com.ar\/site\/wp-content\/uploads\/2021\/02\/Flyer-Explicativo-Medico-on-line-mod-1-e1612408541443-1024x679.jpg 1024w, https:\/\/www.mutualuta.com.ar\/site\/wp-content\/uploads\/2021\/02\/Flyer-Explicativo-Medico-on-line-mod-1-e1612408541443-300x199.jpg 300w, https:\/\/www.mutualuta.com.ar\/site\/wp-content\/uploads\/2021\/02\/Flyer-Explicativo-Medico-on-line-mod-1-e1612408541443-600x398.jpg 600w, https:\/\/www.mutualuta.com.ar\/site\/wp-content\/uploads\/2021\/02\/Flyer-Explicativo-Medico-on-line-mod-1-e1612408541443-1536x1018.jpg 1536w\" sizes=\"auto, (max-width: 1024px) 100vw, 1024px\" \/><\/a><\/div><h2 class=\"w-post-elm post_title usg_post_title_1 entry-title color_link_inherit\"><a href=\"https:\/\/www.mutualuta.com.ar\/site\/medico-online\/\">Medico Online<\/a><\/h2>\t\t<\/div>\r\n\t\t\t<\/article>\r\n\t<article class=\"w-grid-item size_1x1 post-7779 page type-page status-publish has-post-thumbnail hentry category-servicios\" data-id=\"7779\">\r\n\t\t<div class=\"w-grid-item-h\">\r\n\t\t\t\t\t\t<div class=\"w-post-elm post_image usg_post_image_1 stretched\"><a href=\"https:\/\/www.mutualuta.com.ar\/site\/enfermeria-a-domicilio-2\/\" aria-label=\"Enfermeria a domicilio\"><img loading=\"lazy\" decoding=\"async\" width=\"570\" height=\"380\" src=\"https:\/\/www.mutualuta.com.ar\/site\/wp-content\/uploads\/2019\/09\/enfermeria-760x380-e1612407878365.jpg\" class=\"attachment-large size-large wp-post-image\" alt=\"\" srcset=\"https:\/\/www.mutualuta.com.ar\/site\/wp-content\/uploads\/2019\/09\/enfermeria-760x380-e1612407878365.jpg 570w, https:\/\/www.mutualuta.com.ar\/site\/wp-content\/uploads\/2019\/09\/enfermeria-760x380-e1612407878365-300x200.jpg 300w\" sizes=\"auto, (max-width: 570px) 100vw, 570px\" \/><\/a><\/div><h2 class=\"w-post-elm post_title usg_post_title_1 entry-title color_link_inherit\"><a href=\"https:\/\/www.mutualuta.com.ar\/site\/enfermeria-a-domicilio-2\/\">Enfermeria a domicilio<\/a><\/h2>\t\t<\/div>\r\n\t\t\t<\/article>\r\n\t<article class=\"w-grid-item size_1x1 post-7778 page type-page status-publish has-post-thumbnail hentry category-servicios\" data-id=\"7778\">\r\n\t\t<div class=\"w-grid-item-h\">\r\n\t\t\t\t\t\t<div class=\"w-post-elm post_image usg_post_image_1 stretched\"><a href=\"https:\/\/www.mutualuta.com.ar\/site\/visita-medica-pediatrica\/\" aria-label=\"Visita m\u00e9dica pedi\u00e1trica\"><img loading=\"lazy\" decoding=\"async\" width=\"563\" height=\"380\" src=\"https:\/\/www.mutualuta.com.ar\/site\/wp-content\/uploads\/2019\/09\/pediatria-760x3801-e1612407774736.jpg\" class=\"attachment-large size-large wp-post-image\" alt=\"\" srcset=\"https:\/\/www.mutualuta.com.ar\/site\/wp-content\/uploads\/2019\/09\/pediatria-760x3801-e1612407774736.jpg 563w, https:\/\/www.mutualuta.com.ar\/site\/wp-content\/uploads\/2019\/09\/pediatria-760x3801-e1612407774736-300x202.jpg 300w\" sizes=\"auto, (max-width: 563px) 100vw, 563px\" \/><\/a><\/div><h2 class=\"w-post-elm post_title usg_post_title_1 entry-title color_link_inherit\"><a href=\"https:\/\/www.mutualuta.com.ar\/site\/visita-medica-pediatrica\/\">Visita m\u00e9dica pedi\u00e1trica<\/a><\/h2>\t\t<\/div>\r\n\t\t\t<\/article>\r\n\t<article class=\"w-grid-item size_1x1 post-3651 page type-page status-publish has-post-thumbnail hentry category-servicios\" data-id=\"3651\">\r\n\t\t<div class=\"w-grid-item-h\">\r\n\t\t\t\t\t\t<div class=\"w-post-elm post_image usg_post_image_1 stretched\"><a href=\"https:\/\/www.mutualuta.com.ar\/site\/prestamos\/\" aria-label=\"Pr\u00e9stamos con retenci\u00f3n de haberes\"><img loading=\"lazy\" decoding=\"async\" width=\"760\" height=\"505\" src=\"https:\/\/www.mutualuta.com.ar\/site\/wp-content\/uploads\/2015\/03\/10_prestamos_grande.jpg\" class=\"attachment-large size-large wp-post-image\" alt=\"\" srcset=\"https:\/\/www.mutualuta.com.ar\/site\/wp-content\/uploads\/2015\/03\/10_prestamos_grande.jpg 760w, https:\/\/www.mutualuta.com.ar\/site\/wp-content\/uploads\/2015\/03\/10_prestamos_grande-300x199.jpg 300w, https:\/\/www.mutualuta.com.ar\/site\/wp-content\/uploads\/2015\/03\/10_prestamos_grande-600x399.jpg 600w\" sizes=\"auto, (max-width: 760px) 100vw, 760px\" \/><\/a><\/div><h2 class=\"w-post-elm post_title usg_post_title_1 entry-title color_link_inherit\"><a href=\"https:\/\/www.mutualuta.com.ar\/site\/prestamos\/\">Pr\u00e9stamos con retenci\u00f3n de haberes<\/a><\/h2>\t\t<\/div>\r\n\t\t\t<\/article>\r\n\t<article class=\"w-grid-item size_1x1 post-3590 page type-page status-publish has-post-thumbnail hentry category-servicios\" data-id=\"3590\">\r\n\t\t<div class=\"w-grid-item-h\">\r\n\t\t\t\t\t\t<div class=\"w-post-elm post_image usg_post_image_1 stretched\"><a href=\"https:\/\/www.mutualuta.com.ar\/site\/descuentos-pasajes-larga-distancia\/\" aria-label=\"Descuentos pasajes larga distancia\"><img loading=\"lazy\" decoding=\"async\" width=\"760\" height=\"505\" src=\"https:\/\/www.mutualuta.com.ar\/site\/wp-content\/uploads\/2023\/12\/Descuentos-pasajes-larga-distancia.jpg\" class=\"attachment-large size-large wp-post-image\" alt=\"\" srcset=\"https:\/\/www.mutualuta.com.ar\/site\/wp-content\/uploads\/2023\/12\/Descuentos-pasajes-larga-distancia.jpg 760w, https:\/\/www.mutualuta.com.ar\/site\/wp-content\/uploads\/2023\/12\/Descuentos-pasajes-larga-distancia-300x199.jpg 300w, https:\/\/www.mutualuta.com.ar\/site\/wp-content\/uploads\/2023\/12\/Descuentos-pasajes-larga-distancia-600x399.jpg 600w\" sizes=\"auto, (max-width: 760px) 100vw, 760px\" \/><\/a><\/div><h2 class=\"w-post-elm post_title usg_post_title_1 entry-title color_link_inherit\"><a href=\"https:\/\/www.mutualuta.com.ar\/site\/descuentos-pasajes-larga-distancia\/\">Descuentos pasajes larga distancia<\/a><\/h2>\t\t<\/div>\r\n\t\t\t<\/article>\r\n\t<article class=\"w-grid-item size_1x1 post-3523 page type-page status-publish has-post-thumbnail hentry category-servicios\" data-id=\"3523\">\r\n\t\t<div class=\"w-grid-item-h\">\r\n\t\t\t\t\t\t<div class=\"w-post-elm post_image usg_post_image_1 stretched\"><a href=\"https:\/\/www.mutualuta.com.ar\/site\/sepelios\/\" aria-label=\"Sepelios\"><img loading=\"lazy\" decoding=\"async\" width=\"760\" height=\"505\" src=\"https:\/\/www.mutualuta.com.ar\/site\/wp-content\/uploads\/2015\/03\/07_sepelios_grande.jpg\" class=\"attachment-large size-large wp-post-image\" alt=\"\" srcset=\"https:\/\/www.mutualuta.com.ar\/site\/wp-content\/uploads\/2015\/03\/07_sepelios_grande.jpg 760w, https:\/\/www.mutualuta.com.ar\/site\/wp-content\/uploads\/2015\/03\/07_sepelios_grande-300x199.jpg 300w, https:\/\/www.mutualuta.com.ar\/site\/wp-content\/uploads\/2015\/03\/07_sepelios_grande-600x399.jpg 600w\" sizes=\"auto, (max-width: 760px) 100vw, 760px\" \/><\/a><\/div><h2 class=\"w-post-elm post_title usg_post_title_1 entry-title color_link_inherit\"><a href=\"https:\/\/www.mutualuta.com.ar\/site\/sepelios\/\">Sepelios<\/a><\/h2>\t\t<\/div>\r\n\t\t\t<\/article>\r\n\t<article class=\"w-grid-item size_1x1 post-3513 page type-page status-publish has-post-thumbnail hentry category-servicios\" data-id=\"3513\">\r\n\t\t<div class=\"w-grid-item-h\">\r\n\t\t\t\t\t\t<div class=\"w-post-elm post_image usg_post_image_1 stretched\"><a href=\"https:\/\/www.mutualuta.com.ar\/site\/premios-estimulo-y-becas\/\" aria-label=\"Becas Escolares\"><img loading=\"lazy\" decoding=\"async\" width=\"559\" height=\"371\" src=\"https:\/\/www.mutualuta.com.ar\/site\/wp-content\/uploads\/2015\/03\/06_becas_grande-e1612406552732.jpg\" class=\"attachment-large size-large wp-post-image\" alt=\"\" srcset=\"https:\/\/www.mutualuta.com.ar\/site\/wp-content\/uploads\/2015\/03\/06_becas_grande-e1612406552732.jpg 559w, https:\/\/www.mutualuta.com.ar\/site\/wp-content\/uploads\/2015\/03\/06_becas_grande-e1612406552732-300x199.jpg 300w\" sizes=\"auto, (max-width: 559px) 100vw, 559px\" \/><\/a><\/div><h2 class=\"w-post-elm post_title usg_post_title_1 entry-title color_link_inherit\"><a href=\"https:\/\/www.mutualuta.com.ar\/site\/premios-estimulo-y-becas\/\">Becas Escolares<\/a><\/h2>\t\t<\/div>\r\n\t\t\t<\/article>\r\n<\/div><div class=\"w-grid-preloader\">\t<div class=\"g-preloader type_1\">\r\n\t\t<div><\/div>\r\n\t<\/div>\r\n\t<\/div>\t<div class=\"w-grid-json hidden\" onclick='return {&quot;action&quot;:&quot;us_ajax_grid&quot;,&quot;infinite_scroll&quot;:0,&quot;max_num_pages&quot;:2,&quot;pagination&quot;:&quot;none&quot;,&quot;template_vars&quot;:{&quot;columns&quot;:&quot;4&quot;,&quot;exclude_items&quot;:&quot;none&quot;,&quot;img_size&quot;:&quot;default&quot;,&quot;ignore_items_size&quot;:0,&quot;items_layout&quot;:&quot;blog_1&quot;,&quot;items_offset&quot;:&quot;1&quot;,&quot;load_animation&quot;:&quot;none&quot;,&quot;overriding_link&quot;:&quot;{\\&quot;url\\&quot;:\\&quot;\\&quot;}&quot;,&quot;post_id&quot;:0,&quot;query_args&quot;:{&quot;post_type&quot;:[&quot;page&quot;],&quot;tax_query&quot;:[{&quot;taxonomy&quot;:&quot;category&quot;,&quot;field&quot;:&quot;slug&quot;,&quot;terms&quot;:[&quot;servicios&quot;]}],&quot;post_status&quot;:[&quot;publish&quot;],&quot;posts_per_page&quot;:&quot;10&quot;},&quot;orderby_query_args&quot;:{&quot;orderby&quot;:{&quot;date&quot;:&quot;DESC&quot;}},&quot;type&quot;:&quot;grid&quot;,&quot;us_grid_post_type&quot;:&quot;page&quot;,&quot;us_grid_ajax_index&quot;:1,&quot;us_grid_filter_query_string&quot;:null,&quot;us_grid_index&quot;:1,&quot;page_args&quot;:[]}}'><\/div>\r\n\t<\/div><\/div><\/div><\/div><\/div><\/div><\/section>\n","protected":false},"excerpt":{"rendered":"Becas Escolares La Asociaci\u00f3n Mutual UTA premia con una beca a los mejores promedios de los alumnos que se encuentren cursando el EPB, ESB o Escuela para Adultos. Para acceder a este beneficio se deber\u00e1 presentar la siguiente documentaci\u00f3n por WhatsApp al 1140413400 en formato pdf:. Bolet\u00edn del colegio (Colegio Estatal o subvencionado al 80...","protected":false},"author":1,"featured_media":0,"parent":0,"menu_order":0,"comment_status":"closed","ping_status":"closed","template":"","meta":{"footnotes":""},"categories":[],"tags":[],"class_list":["post-7722","page","type-page","status-publish","hentry"],"_links":{"self":[{"href":"https:\/\/www.mutualuta.com.ar\/site\/wp-json\/wp\/v2\/pages\/7722","targetHints":{"allow":["GET"]}}],"collection":[{"href":"https:\/\/www.mutualuta.com.ar\/site\/wp-json\/wp\/v2\/pages"}],"about":[{"href":"https:\/\/www.mutualuta.com.ar\/site\/wp-json\/wp\/v2\/types\/page"}],"author":[{"embeddable":true,"href":"https:\/\/www.mutualuta.com.ar\/site\/wp-json\/wp\/v2\/users\/1"}],"replies":[{"embeddable":true,"href":"https:\/\/www.mutualuta.com.ar\/site\/wp-json\/wp\/v2\/comments?post=7722"}],"version-history":[{"count":2,"href":"https:\/\/www.mutualuta.com.ar\/site\/wp-json\/wp\/v2\/pages\/7722\/revisions"}],"predecessor-version":[{"id":7813,"href":"https:\/\/www.mutualuta.com.ar\/site\/wp-json\/wp\/v2\/pages\/7722\/revisions\/7813"}],"wp:attachment":[{"href":"https:\/\/www.mutualuta.com.ar\/site\/wp-json\/wp\/v2\/media?parent=7722"}],"wp:term":[{"taxonomy":"category","embeddable":true,"href":"https:\/\/www.mutualuta.com.ar\/site\/wp-json\/wp\/v2\/categories?post=7722"},{"taxonomy":"post_tag","embeddable":true,"href":"https:\/\/www.mutualuta.com.ar\/site\/wp-json\/wp\/v2\/tags?post=7722"}],"curies":[{"name":"wp","href":"https:\/\/api.w.org\/{rel}","templated":true}]}}