{"id":3523,"date":"2015-03-04T02:56:34","date_gmt":"2015-03-04T02:56:34","guid":{"rendered":"https:\/\/www.mutualuta.com.ar\/site\/?page_id=3523"},"modified":"2024-07-08T17:07:39","modified_gmt":"2024-07-08T17:07:39","slug":"sepelios","status":"publish","type":"page","link":"https:\/\/www.mutualuta.com.ar\/site\/sepelios\/","title":{"rendered":"Sepelios"},"content":{"rendered":"<section class=\"l-section wpb_row height_custom\"><div class=\"l-section-h i-cf\"><div class=\"g-cols vc_row via_flex valign_top type_default stacking_default\"><div class=\"vc_col-sm-12 wpb_column vc_column_container\"><div class=\"vc_column-inner\"><div class=\"wpb_wrapper\"><div class=\"wpb_text_column\"><div class=\"wpb_wrapper\"><h3><strong>SEPELIO<\/strong><\/h3>\n<p>El Asociado deber\u00e1 comunicarse inmediatamente con La Empresa Prestadora llamando al<br \/>\n112314-8588\/112285-0885, sin limitaci\u00f3n de d\u00eda ni horario, a fin de recibir las indicaciones pertinentes.<\/p>\n<h4><em><strong>No se realizar\u00e1n ning\u00fan tipo de reintegro.<\/strong><\/em><\/h4>\n<p>Este servicio brindado por Guillermo Oertlinger es para todos los asociados a la Mutual de UTA<\/p>\n<p>\u2022 Sepelios por 2 horas en la zona de residencia del fallecido.<br \/>\n\u2022 Sepelios en el interior o traslados.<\/p>\n<p>\u2022 Ata\u00fad est\u00e1ndar.<br \/>\n\u2022 Tramitaciones en centros asistenciales o dependencias y la correspondiente gesti\u00f3n del<br \/>\ncertificado m\u00e9dico de defunci\u00f3n.<br \/>\n\u2022 Gestiones ante el registro civil actuante, partida de defunci\u00f3n original, legalizada y fotocopias<br \/>\nautenticadas<br \/>\n\u2022 Licencia de inhumaci\u00f3n<br \/>\n\u2022 Carroza f\u00fanebre americana<br \/>\n\u2022 Un auto de acompa\u00f1amiento<br \/>\n\u2022 Tramitaciones ante la administraci\u00f3n del cementerio correspondiente<br \/>\n\u2022 Ceremonia religiosa en la capilla del cementerio.<br \/>\n(El servicio no incluye pago de impuestos que pudieran corresponder, arrendamiento de tierra,<br \/>\nnicho, pante\u00f3n, b\u00f3veda; del servicio de cremaci\u00f3n, de la placa met\u00e1lica y el soldador para el caso<br \/>\nen que el ata\u00fad fuera para nicho, de ser necesario utilizar ata\u00fades de s\u00faper medida se cobrar\u00e1 un<br \/>\nadicional al Asociado)<\/p>\n<p>El titular afiliado podr\u00e1 amparar a las siguientes personas:<br \/>\n\u2022 Titular casado o en concubinato ampara a: padres, padres pol\u00edticos (suegros)<br \/>\n\u2022 Titular soltero ampara a: padres.<br \/>\nPara todos los casos no tienen que estar declarados en la obra social.<\/p>\n<p><strong>SOLICITE EL SERVICIO<\/strong><br \/>\n1123148588 \/ 1122850885<\/p>\n<p>Durante las 24 horas los 365 d\u00edas del a\u00f1o<\/p>\n<\/div><\/div><\/div><\/div><\/div><\/div><\/div><\/section>\n","protected":false},"excerpt":{"rendered":"SEPELIO El Asociado deber\u00e1 comunicarse inmediatamente con La Empresa Prestadora llamando al 112314-8588\/112285-0885, sin limitaci\u00f3n de d\u00eda ni horario, a fin de recibir las indicaciones pertinentes. No se realizar\u00e1n ning\u00fan tipo de reintegro. Este servicio brindado por Guillermo Oertlinger es para todos los asociados a la Mutual de UTA \u2022 Sepelios por 2 horas en...","protected":false},"author":1,"featured_media":3565,"parent":0,"menu_order":0,"comment_status":"closed","ping_status":"open","template":"","meta":{"footnotes":""},"categories":[68],"tags":[],"class_list":["post-3523","page","type-page","status-publish","has-post-thumbnail","hentry","category-servicios"],"_links":{"self":[{"href":"https:\/\/www.mutualuta.com.ar\/site\/wp-json\/wp\/v2\/pages\/3523","targetHints":{"allow":["GET"]}}],"collection":[{"href":"https:\/\/www.mutualuta.com.ar\/site\/wp-json\/wp\/v2\/pages"}],"about":[{"href":"https:\/\/www.mutualuta.com.ar\/site\/wp-json\/wp\/v2\/types\/page"}],"author":[{"embeddable":true,"href":"https:\/\/www.mutualuta.com.ar\/site\/wp-json\/wp\/v2\/users\/1"}],"replies":[{"embeddable":true,"href":"https:\/\/www.mutualuta.com.ar\/site\/wp-json\/wp\/v2\/comments?post=3523"}],"version-history":[{"count":10,"href":"https:\/\/www.mutualuta.com.ar\/site\/wp-json\/wp\/v2\/pages\/3523\/revisions"}],"predecessor-version":[{"id":8220,"href":"https:\/\/www.mutualuta.com.ar\/site\/wp-json\/wp\/v2\/pages\/3523\/revisions\/8220"}],"wp:featuredmedia":[{"embeddable":true,"href":"https:\/\/www.mutualuta.com.ar\/site\/wp-json\/wp\/v2\/media\/3565"}],"wp:attachment":[{"href":"https:\/\/www.mutualuta.com.ar\/site\/wp-json\/wp\/v2\/media?parent=3523"}],"wp:term":[{"taxonomy":"category","embeddable":true,"href":"https:\/\/www.mutualuta.com.ar\/site\/wp-json\/wp\/v2\/categories?post=3523"},{"taxonomy":"post_tag","embeddable":true,"href":"https:\/\/www.mutualuta.com.ar\/site\/wp-json\/wp\/v2\/tags?post=3523"}],"curies":[{"name":"wp","href":"https:\/\/api.w.org\/{rel}","templated":true}]}}